{"id":214,"date":"2025-09-02T14:25:18","date_gmt":"2025-09-02T12:25:18","guid":{"rendered":"https:\/\/www.devaverein.ch\/de\/?page_id=214"},"modified":"2025-09-03T21:10:50","modified_gmt":"2025-09-03T19:10:50","slug":"projelerimiz","status":"publish","type":"page","link":"https:\/\/www.devaverein.ch\/de\/projelerimiz\/","title":{"rendered":"Projelerimiz"},"content":{"rendered":"\n<p>Wallisellen, Haziran 2023<\/p>\n\n\n\n<p>Bu seneki Kurban Bayram\u0131\u2019nda Hatay K\u0131r\u0131khan\u2019da, ba\u011f\u0131\u015f\u00e7\u0131lar\u0131n da kurbanlar\u0131n\u0131n bulundu\u011fu 20 k\u00fc\u00e7\u00fckba\u015f hayvan kesilerek a\u015fevlerine verildi ve ihtiya\u00e7 sahiplerine pi\u015firilip da\u011f\u0131t\u0131ld\u0131.<\/p>\n\n\n\n<p>Ayr\u0131ca, \u00e7ocuklar bayram har\u00e7l\u0131\u011f\u0131 ve g\u00fcndelik ihtiya\u00e7lar\u0131 olan malzemelerle sevindirildi. Bu g\u00fczel etkinlik sayesinde, hem maddi hem de manevi destek sa\u011fland\u0131 ve Kurban Bayram\u0131\u2019n\u0131n ruhu ya\u015fat\u0131ld\u0131.<\/p>\n\n\n\n<p>Kurban Bayram\u0131\u2019n\u0131n hepimiz i\u00e7in hay\u0131rlara vesile olmas\u0131n\u0131 diliyoruz.<\/p>\n\n\n\n<figure class=\"wp-block-image\"><img decoding=\"async\" src=\"https:\/\/www.devaverein.ch\/wp-content\/uploads\/2025\/08\/PHOTO-2023-07-09-17-00-22-1-769x1024-1.jpg\" alt=\"\" class=\"wp-image-86\"\/><\/figure>\n\n\n\n<p>Wallisellen, Nisan 2023<\/p>\n\n\n\n<p>Nisan\u2019da tekrar deprem b\u00f6lgesini ziyaret ettik. Kapsay\u0131c\u0131 uygulama merkezimize engel \u00e7ocuklar i\u00e7in a\u00e7t\u0131k, \u00e7ad\u0131r kentimizde 250 ki\u015filik iftar verdik ve ayr\u0131yetten erzak ve ihtiya\u00e7lar\u0131 da\u011f\u0131tt\u0131k.<\/p>\n\n\n\n<p>Unutmad\u0131k! Unutmayaca\u011f\u0131z!<\/p>\n\n\n\n<figure class=\"wp-block-image\"><img decoding=\"async\" src=\"https:\/\/www.devaverein.ch\/wp-content\/uploads\/2025\/08\/33f48b22-b62c-469e-aaf4-5a4f54dd157b-1024x590-1.jpg\" alt=\"\" class=\"wp-image-88\"\/><figcaption class=\"wp-element-caption\">Kapsay\u0131c\u0131 uygulama merkezi<\/figcaption><\/figure>\n\n\n\n<p>Wallisellen, Mart 2023<\/p>\n\n\n\n<figure class=\"wp-block-image\"><img decoding=\"async\" src=\"https:\/\/www.devaverein.ch\/wp-content\/uploads\/2025\/08\/WhatsApp-Image-2023-03-15-at-18.04.06-819x1024-1.jpeg\" alt=\"\" class=\"wp-image-94\"\/><\/figure>\n\n\n\n<p>\u00c7ad\u0131rkentimiz\u2019de ve \u00e7evresinde bulunan \u00e7ocuklar yarar\u0131na Kapsay\u0131c\u0131 Uygulama Merkezi yapmak i\u00e7in start verdik!<\/p>\n\n\n\n<p>Projenin amac\u0131 deprem b\u00f6lgesindeki \u00e7ocuklar\u0131n ebeveynleri ile birlikte kapsay\u0131c\u0131 bir anlay\u0131\u015fla psikolojik destek ve sosyal olarak uyum becerilerinin artt\u0131r\u0131lmas\u0131d\u0131r.<\/p>\n\n\n\n<p>Merkezimizdeki i\u00e7erikler:<br>\u2022 Yap\u0131land\u0131r\u0131lm\u0131\u015f afet &amp; travma e\u011fitim program\u0131<br>\u2022 Deprem b\u00f6lgesine \u00f6zel haz\u0131rlanm\u0131\u015f animasyon filmleri<br>\u2022 MEB E\u011fitim Bili\u015fim A\u011f\u0131 (EBA)<br>\u2022 Travma oyun e\u011fitim program\u0131<\/p>\n\n\n\n<p>Desteklerinizi bekliyoruz:<\/p>\n\n\n\n<p>Iban: CH23 0900 0000 6054 6878 5<br>Twint: 078 350 15 15<br>PayPal: info@devaverein.ch<\/p>\n\n\n\n<p>Wallisellen, Mart 2023<\/p>\n\n\n\n<figure class=\"wp-block-image\"><img decoding=\"async\" src=\"https:\/\/www.devaverein.ch\/wp-content\/uploads\/2025\/08\/2-3-576x1024-1.png\" alt=\"\" class=\"wp-image-95\"\/><\/figure>\n\n\n\n<p>Depremzedeler i\u00e7in daha fazla destek hakk\u0131nda bilgi:<\/p>\n\n\n\n<p>6 \u015eubat 2023 sabah\u0131 ve \u00f6\u011fleden sonra T\u00fcrkiye\u2019nin g\u00fcneydo\u011fusunda iki ciddi deprem meydana geldi.<\/p>\n\n\n\n<p>Ayn\u0131 g\u00fcn Deva Derne\u011fi olarak depremden etkilenen illerdeki insanlara yard\u0131m ula\u015ft\u0131rabilmek i\u00e7in bir ba\u011f\u0131\u015f kampanyas\u0131 ba\u015flatt\u0131k. 11 \u015eubat\u2019ta duyurdu\u011fumuz Kahramanmara\u015f ilindeki 45 \u00e7ad\u0131rl\u0131k \u00e7ad\u0131r kent kurmak \u00fczere 14 \u015eubat\u2019ta Deva ekibi olarak deprem b\u00f6lgesine hareket ettik.<\/p>\n\n\n\n<p>Bu do\u011fal afetin meydana gelmesinden bu yana Deva Ekibi olarak c\u00f6mert ba\u011f\u0131\u015flar\u0131n\u0131z sayesinde depremden etkilenenlere yard\u0131m malzemeleri, ila\u00e7 gibi \u00f6zel ihtiya\u00e7lar ve ayr\u0131ca maddi olarak destek olmak i\u00e7in elimizden gelen her \u015feyi yap\u0131yoruz.<\/p>\n\n\n\n<p>\u00c7ad\u0131r kentimizde konaklayan depremzedelere uzun vadeli (bir y\u0131l planlanmaktad\u0131r) mali destek sa\u011flamak ve bu ailelerin hayatlar\u0131n\u0131 yeniden in\u015fa etmelerine yard\u0131mc\u0131 olmak istiyoruz. Bir \u00e7ok vatanda\u015f\u0131m\u0131z i\u015finden olmu\u015f, maddi imkanlar\u0131 yok ve bu nedenle hayatlar\u0131na her zamanki gibi devam edemiyorlar.<\/p>\n\n\n\n<p>Bu s\u00fcre zarf\u0131nda \u00e7ad\u0131r kentimizin temel g\u0131da maddeleri, \u00e7ad\u0131rlardaki sobalar i\u00e7in odun ve di\u011fer gerekli destek gibi ihtiya\u00e7lar\u0131n\u0131 kar\u015f\u0131lamaya da devam edece\u011fiz.<\/p>\n\n\n\n<p>Bu nedenle bir y\u0131l boyunca havuzumuza ayl\u0131k 50 CHF veya daha fazla miktarda ba\u011f\u0131\u015fta bulunabilece\u011finiz ve etkilenen insanlar\u0131n ihtiya\u00e7lar\u0131n\u0131 kar\u015f\u0131layacak bir kampanya ba\u015flat\u0131yoruz.<\/p>\n\n\n\n<p>Bunun i\u00e7in l\u00fctfen a\u015fa\u011f\u0131daki formu doldurun ve bize e-posta ile g\u00f6nderin:<\/p>\n\n\n\n<p><a href=\"https:\/\/devaverein.ch\/wp-content\/uploads\/2023\/03\/Anmeldeformular_S%C3%BCreli-bagis-formu-1-3.pdf\">Deprem ba\u011f\u0131\u015f formu<\/a><a href=\"https:\/\/devaverein.ch\/wp-content\/uploads\/2023\/03\/Anmeldeformular_S%C3%BCreli-bagis-formu-1-3.pdf\">Herunterladen<\/a><\/p>\n\n\n\n<p>Ba\u011f\u0131\u015flar\u0131 kullan\u0131ma g\u00f6re b\u00f6lecek ve ihtiyaca g\u00f6re temin edece\u011fiz.<\/p>\n\n\n\n<p>Geli\u015fmelerden haberdar olmak isterseniz bizi sosyal medya kanallar\u0131m\u0131zdan takip edebilirsiniz.<\/p>\n\n\n\n<p>Deste\u011finiz ve ba\u011f\u0131\u015flar\u0131n\u0131z i\u00e7in \u015fimdiden te\u015fekk\u00fcr ederiz.<\/p>\n\n\n\n<p>Deva Derne\u011fi<\/p>\n\n\n\n<p>\u2014\u2014\u2014\u2014\u2014\u2014\u2014\u2014\u2014\u2014\u2014\u2014\u2014\u2014\u2014\u2014\u2014\u2014\u2014\u2014<\/p>\n\n\n\n<p>Wallisellen, \u015eubat 2023<\/p>\n\n\n\n<p>11 \u015eubat\u2019ta yay\u0131nlad\u0131\u011f\u0131m\u0131z bilgilendirmede deprem b\u00f6lgesinde 45 \u00e7ad\u0131rl\u0131k bir \u00c7ad\u0131r Kent kent kuraca\u011f\u0131m\u0131z\u0131 bildirmi\u015ftik. AFAD ile koordineli \u00e7al\u0131\u015fmam\u0131zda kendileri bizi Kahramanmara\u015f ilimize y\u00f6nlendirdi.<\/p>\n\n\n\n<p>14 \u015eubat\u2019ta Deva ekibi olarak deprem b\u00f6lgesine yola \u00e7\u0131k\u0131yoruz.<\/p>\n\n\n\n<p>Geli\u015fmelerden haberdar olmak istiyorsan\u0131z bizi sosyal medya kanallar\u0131m\u0131zdan takip edebilirsiniz.<\/p>\n\n\n\n<p>Destek ve ba\u011f\u0131\u015flar\u0131n\u0131z i\u00e7in \u015fimdiden te\u015fekk\u00fcr ederiz.<\/p>\n\n\n\n<p>IBAN: CH23 0900 0000 6054 6878 5<br>Twint: +41 76 579 56 60<br>PayPal: info@devaverein.ch<\/p>\n\n\n\n<figure class=\"wp-block-image\"><img decoding=\"async\" src=\"https:\/\/www.devaverein.ch\/wp-content\/uploads\/2025\/08\/WhatsApp-Image-2023-02-13-at-11.32.18-724x1024-1.jpeg\" alt=\"\" class=\"wp-image-97\"\/><\/figure>\n\n\n\n<p>Wallisellen, \u015eubat 2023<\/p>\n\n\n\n<p>6 \u015eubat\u2019ta \u00fclkemizde ger\u00e7ekle\u015fen iki b\u00fcy\u00fck deprem bizi \u00e7ok etkiledi. Ba\u011f\u0131\u015flar\u0131n\u0131z sayesinde deprem b\u00f6lgesine bug\u00fcne kadar bir \u00e7ok erzak, giyisi, i\u00e7 \u00e7ama\u015f\u0131r\u0131, battaniye, bebek mamas\u0131 vs. ba\u011f\u0131\u015flad\u0131k ve bu ba\u011f\u0131\u015flar\u0131n da\u011f\u0131t\u0131m\u0131 ger\u00e7ekle\u015fti.<\/p>\n\n\n\n<p>Bir \u00e7ok vatanda\u015f\u0131m\u0131z\u0131n evleri \u00e7\u00f6kt\u00fc\u011f\u00fc i\u00e7in ve b\u00f6lgedeki so\u011fuk hava \u015fartlar\u0131 y\u00fcz\u00fcnden AFAD koordineli \u0130slahiye\/Gaziantep b\u00f6lgesinde Deva Derne\u011fi ve bir \u00e7ok yard\u0131m sever arkada\u015fla birlikte \u00c7ad\u0131r Kent kurmaya gidiyoruz. 45 \u00e7ad\u0131r ile depremzedelerimize ya\u015fam alan\u0131 kurmak i\u00e7in bizzat sahada olaca\u011f\u0131z.<\/p>\n\n\n\n<p>Depremzedelerimize bu so\u011fuk k\u0131\u015f aylar\u0131nda siz de yard\u0131m etmek istiyorsan\u0131z ba\u011f\u0131\u015flar\u0131n\u0131z\u0131 bekliyoruz.<\/p>\n\n\n\n<p>IBAN: CH23 0900 0000 6054 6878 5<br>Twint: +41 76 579 56 60<br>PayPal: info@devaverein.ch<\/p>\n\n\n\n<figure class=\"wp-block-image\"><img decoding=\"async\" src=\"https:\/\/www.devaverein.ch\/wp-content\/uploads\/2025\/08\/6B5FFDB8-073C-478D-8BE4-B239207BEFDB-1-724x1024-1.png\" alt=\"\" class=\"wp-image-98\"\/><\/figure>\n\n\n\n<p>\u2014\u2014\u2014\u2014\u2014\u2014\u2014\u2014\u2014\u2014\u2014\u2014\u2014\u2014\u2014\u2014\u2014\u2014\u2014\u2014-<\/p>\n\n\n\n<p>Wallisellen, \u015eubat 2023<\/p>\n\n\n\n<p>\u00dclkemizde ger\u00e7ekle\u015fen iki b\u00fcy\u00fck deprem bizi derinden yaralad\u0131 ve etkiledi. Akl\u0131m\u0131z ve kalbimiz afet b\u00f6lgesinde enkaz alt\u0131nda kurtar\u0131lmay\u0131 bekleyen depremzedeler ve arama kurtarma cal\u0131\u015fmas\u0131nda bulunan g\u00f6n\u00fcll\u00fclerde.<\/p>\n\n\n\n<p>Onlar\u0131n yard\u0131mlar\u0131 ve sizlerin ba\u011f\u0131\u015flar\u0131 sayesinde depremzedelere yerel olarak temin etti\u011fimiz insani yard\u0131m malzemelerini (su, g\u0131da, battaniye, k\u0131yafet vs.) koordineli bir \u015fekilde ula\u015ft\u0131rabiliyoruz.<\/p>\n\n\n\n<p>Deste\u011finiz sayesinde gelen ba\u011f\u0131\u015flar\u0131n bir k\u0131sm\u0131 do\u011frudan deprem b\u00f6lgelerinde kullan\u0131l\u0131rken bir k\u0131sm\u0131 da AFAD\u2019a iletilecektir.<\/p>\n\n\n\n<p>G\u00fcncel bilgiler i\u00e7in&nbsp;<a href=\"https:\/\/www.instagram.com\/devadernegi\/\">@devadernegi&nbsp;<\/a>\u0130nstagram sayfam\u0131z\u0131 ziyaret edebilirsiniz.<\/p>\n\n\n\n<p>Hayatlar\u0131n\u0131 kaybeden vatanda\u015flar\u0131m\u0131za Allah\u2019tan rahmet, yak\u0131nlar\u0131n\u0131 kaybedenlere ba\u015fsa\u011fl\u0131\u011f\u0131, yaral\u0131lara da acil \u015fifalar diliyoruz.<\/p>\n\n\n\n<p>G\u00fcveniniz ve deste\u011finiz i\u00e7in \u00e7ok te\u015fekk\u00fcr ederiz.<\/p>\n\n\n\n<p><strong>Ba\u011f\u0131\u015f<\/strong><br>IBAN: CH23 0900 0000 6054 6878 5, Gemeinn\u00fctziger Verein Deva, 8304 Wallisellen<\/p>\n\n\n\n<figure class=\"wp-block-image\"><img decoding=\"async\" src=\"https:\/\/www.devaverein.ch\/wp-content\/uploads\/2025\/08\/Bildschirmfoto-2023-02-08-um-15.09.06-2.png\" alt=\"\" class=\"wp-image-99\"\/><figcaption class=\"wp-element-caption\">QR IBAN<\/figcaption><\/figure>\n\n\n\n<p>Paypal:&nbsp;<a href=\"mailto:info@devaverein.ch\">info@devaverein.ch<\/a><br>Mesaj:&nbsp;<em>Deprem-T\u00fcrkiye<\/em><\/p>\n\n\n\n<p>Daha fazla bilgi i\u00e7in Deva Derne\u011fi ekibine ula\u015fabilirsiniz.<\/p>\n\n\n\n<p>\u2014\u2014\u2014\u2014\u2014\u2014\u2014\u2014\u2014\u2014\u2014\u2014\u2014\u2014\u2014\u2014\u2014\u2014\u2014\u2014\u2014<\/p>\n\n\n\n<p><strong>Wallisellen Nisan\/May\u0131s<\/strong><\/p>\n\n\n\n<p>\u2018Yar\u0131n\u0131 Ayd\u0131nlat\u2019an bayramlar DEVA olsun\u2019 slogan\u0131 ile bu bayramda miniklerin y\u00fcz\u00fcn\u00fc g\u00fcld\u00fcrmeye devam ediyoruz!<\/p>\n\n\n\n<figure class=\"wp-block-image\"><img decoding=\"async\" src=\"https:\/\/www.devaverein.ch\/wp-content\/uploads\/2025\/08\/20d6e541-2f44-4540-844b-e19543b999c6-730x1024-1.jpg\" alt=\"\" class=\"wp-image-106\"\/><\/figure>\n\n\n\n<p><strong>Hamit Pa\u015fa Aslan k\u00fct\u00fcphanesi<\/strong><\/p>\n\n\n\n<p>Hatay K\u0131r\u0131khan Camuzk\u0131\u015flas\u0131 k\u00f6y\u00fc \u0130lkokulunda karde\u015f derne\u011fimiz ile birlikte k\u00fct\u00fcphanemizi tamamlad\u0131k.<\/p>\n\n\n\n<figure class=\"wp-block-image\"><img decoding=\"async\" src=\"https:\/\/www.devaverein.ch\/wp-content\/uploads\/2025\/08\/E006DE07-1F48-4246-A8CC-8E9500B46944-6348-0000036CAEA39BB9-1-768x1024-1.jpg\" alt=\"\" class=\"wp-image-105\"\/><\/figure>\n\n\n\n<figure class=\"wp-block-image\"><img decoding=\"async\" src=\"https:\/\/www.devaverein.ch\/wp-content\/uploads\/2025\/08\/b60a529a-1025-448d-aca8-0c8eb32cc827-3-768x1024-1.jpg\" alt=\"\" class=\"wp-image-107\"\/><\/figure>\n\n\n\n<p>\u0130svi\u00e7re k\u00f6\u015fesinden, bitki yeti\u015ftirme b\u00f6l\u00fcm\u00fcne kadar her ayr\u0131nt\u0131y\u0131 \u00f6zenle haz\u0131rlad\u0131\u011f\u0131m\u0131z Hamit Pa\u015fa Aslan k\u00fct\u00fcphanesi \u00e7ocuklar taraf\u0131ndan co\u015fkuyla kar\u015f\u0131land\u0131. Kitaplar\u0131n yan\u0131 s\u0131ras\u0131nda fiziksel geli\u015fmlerini ilerleten oyunlar ve zeka oyunlar\u0131 da k\u00fct\u00fcphanemizde yerini buldu.<\/p>\n\n\n\n<figure class=\"wp-block-image\"><img decoding=\"async\" src=\"https:\/\/www.devaverein.ch\/wp-content\/uploads\/2025\/08\/5f54d245-eede-4fd8-a5c3-0231e8252b27-3-768x1024-1.jpg\" alt=\"\" class=\"wp-image-108\"\/><\/figure>\n\n\n\n<p>Camuzk\u0131\u015flas\u0131 halk\u0131ndan ve Belediye K\u00fclt\u00fcr ve Sosyal \u0130\u015fler M\u00fcd\u00fcr\u00fc Mehmet Demir taraf\u0131ndan \u00e7ok g\u00fczel a\u011f\u0131rland\u0131\u011f\u0131m\u0131z bu projede unutulmaz an\u0131lar biriktirdik.<\/p>\n\n\n\n<p>Yard\u0131m\u0131n\u0131 esgirgemeyen t\u00fcm Deva severlere sonsuz te\u015fekk\u00fcr ediyoruz!<\/p>\n\n\n\n<p>Deva Derne\u011fi<\/p>\n\n\n\n<figure class=\"wp-block-image\"><img decoding=\"async\" src=\"https:\/\/www.devaverein.ch\/wp-content\/uploads\/2025\/08\/6BA30896-8FFD-4428-8019-181EE7C2EC18-1024x1024-1.jpg\" alt=\"\" class=\"wp-image-109\"\/><\/figure>\n\n\n\n<figure class=\"wp-block-image\"><img decoding=\"async\" src=\"https:\/\/www.devaverein.ch\/wp-content\/uploads\/2025\/08\/6131EAE7-55FB-4082-8768-C1C1FCBD07AE-1-1024x1024-1.jpg\" alt=\"\" class=\"wp-image-110\"\/><\/figure>\n\n\n\n<p>Wallisellen, Mart 2021<\/p>\n\n\n\n<p>Deva Derne\u011fi pandemi s\u00fcrecinde sizlerin deste\u011fiyle neler mi yapt? Tabii ki bo\u015f durmadan elimizin uzanabildi\u011fi yere kadar ula\u015fmaya gayret g\u00f6sterdik:<\/p>\n\n\n\n<p><strong>Pandemi s\u00fcrecinde Deva Derne\u011fi neler yapt\u0131?<\/strong><\/p>\n\n\n\n<p><strong>Nisan 2020<\/strong>&nbsp;\u2013 Ahbap Derne\u011fi \u2013 Pandemiden etkilenen ailelere destek \u2013 5\u2019000.- Frank<\/p>\n\n\n\n<p><strong>May\u0131s 2020<\/strong>&nbsp;\u2013 Yar\u0131n\u0131 Ayd\u0131nlat \u2013 \u00c7ocuklara Bayraml\u0131k \u2013<br>2\u2019500.- Frank<\/p>\n\n\n\n<p><strong>Kas\u0131m 2020<\/strong>&nbsp;\u2013 Akut \u2013 \u0130zmir Deprem \u2013<br>2\u2019000.- Frank<\/p>\n\n\n\n<p><strong>Kas\u0131m 2020<\/strong>&nbsp;\u2013 K\u00f6y Okullar\u0131na Yard\u0131m \u2013 Bot-Mont-K\u0131rtasiye malzemeleri<br><em>Mersin, Urfa, Diyarbak\u0131r, Elaz\u0131\u011f, A\u011fr\u0131<\/em><br>2\u2019000.- Frank<\/p>\n\n\n\n<p><strong>Ocak 2021<\/strong>&nbsp;\u2013 SMA \u0130svi\u00e7re \u2013 SMA hastas\u0131 \u00e7ocuklara destek<br>2\u2019000.- Frank<\/p>\n\n\n\n<p><strong>\u015eubat 2021<\/strong>&nbsp;\u2013 Bir Can Bin Umut \u2013 Serebral Palsili \u00e7ocuklara tekerlekli sandalye, ila\u00e7, ortez, ameliyat masraflar\u0131<br>5\u2019000.- Frank<\/p>\n\n\n\n<p><strong>\u015eubat 2021<\/strong>&nbsp;\u2013 K\u00f6y Okullar\u0131 \u2013 Anas\u0131n\u0131f\u0131 yap\u0131m\u0131<br>650.- Frank<\/p>\n\n\n\n<p><strong>Nisan 2021<\/strong>&nbsp;\u2013 Hamit Pa\u015fa Aslan k\u00fct\u00fcphanesi \u2013 Hatay<\/p>\n\n\n\n<p><strong>A\u00e7\u0131klama<\/strong>,<br>Wallisellen, 9 Mart 2020<\/p>\n\n\n\n<p>2011\u2019de kurdu\u011fumuz Deva Derne\u011fi bug\u00fcne kadar yapt\u0131\u011f\u0131 t\u00fcm etkinliklerdeki tek amac\u0131 yard\u0131ma muhta\u00e7 olan insanlara destek olmak oldu. Bizler \u0130svi\u00e7re\u2019de ya\u015fayan, fakat \u00fclkesinden ba\u011f\u0131n\u0131 koparmam\u0131\u015f, \u00fclkesinin sorunlar\u0131na, ac\u0131lar\u0131na kafa yoran bir arkada\u015f grubu olarak; \u201eBirlikten g\u00fc\u00e7 do\u011far, g\u00fc\u00e7ler deva olur\u201c dedik.Ba\u011f\u0131ms\u0131z olarak yapt\u0131\u011f\u0131m\u0131z bu faaliyetlerde hi\u00e7 bir siyasi ya da din, \u0131rk ayr\u0131m\u0131nda bulunmad\u0131k. Bundan sonra da bu \u00e7izgimizden hi\u00e7 bir zaman \u00e7\u0131kmayaca\u011f\u0131m\u0131z\u0131 duyuruyoruz.<\/p>\n\n\n\n<figure class=\"wp-block-image\"><img decoding=\"async\" src=\"https:\/\/www.devaverein.ch\/wp-content\/uploads\/2025\/08\/ayakkabilar.png\" alt=\"\" class=\"wp-image-112\"\/><\/figure>\n","protected":false},"excerpt":{"rendered":"<p>Wallisellen, Haziran 2023 Bu seneki Kurban Bayram\u0131\u2019nda Hatay K\u0131r\u0131khan\u2019da, ba\u011f\u0131\u015f\u00e7\u0131lar\u0131n da kurbanlar\u0131n\u0131n bulundu\u011fu 20 k\u00fc\u00e7\u00fckba\u015f hayvan kesilerek a\u015fevlerine verildi ve ihtiya\u00e7 sahiplerine pi\u015firilip da\u011f\u0131t\u0131ld\u0131. Ayr\u0131ca, \u00e7ocuklar bayram har\u00e7l\u0131\u011f\u0131 ve g\u00fcndelik ihtiya\u00e7lar\u0131 olan malzemelerle sevindirildi. Bu g\u00fczel etkinlik sayesinde, hem maddi hem de manevi destek sa\u011fland\u0131 ve Kurban Bayram\u0131\u2019n\u0131n ruhu ya\u015fat\u0131ld\u0131. Kurban Bayram\u0131\u2019n\u0131n hepimiz i\u00e7in hay\u0131rlara [&hellip;]<\/p>\n","protected":false},"author":1,"featured_media":0,"parent":0,"menu_order":0,"comment_status":"closed","ping_status":"closed","template":"","meta":{"pagelayer_contact_templates":[],"_pagelayer_content":"","footnotes":""},"class_list":["post-214","page","type-page","status-publish","hentry"],"_links":{"self":[{"href":"https:\/\/www.devaverein.ch\/de\/wp-json\/wp\/v2\/pages\/214","targetHints":{"allow":["GET"]}}],"collection":[{"href":"https:\/\/www.devaverein.ch\/de\/wp-json\/wp\/v2\/pages"}],"about":[{"href":"https:\/\/www.devaverein.ch\/de\/wp-json\/wp\/v2\/types\/page"}],"author":[{"embeddable":true,"href":"https:\/\/www.devaverein.ch\/de\/wp-json\/wp\/v2\/users\/1"}],"replies":[{"embeddable":true,"href":"https:\/\/www.devaverein.ch\/de\/wp-json\/wp\/v2\/comments?post=214"}],"version-history":[{"count":1,"href":"https:\/\/www.devaverein.ch\/de\/wp-json\/wp\/v2\/pages\/214\/revisions"}],"predecessor-version":[{"id":215,"href":"https:\/\/www.devaverein.ch\/de\/wp-json\/wp\/v2\/pages\/214\/revisions\/215"}],"wp:attachment":[{"href":"https:\/\/www.devaverein.ch\/de\/wp-json\/wp\/v2\/media?parent=214"}],"curies":[{"name":"wp","href":"https:\/\/api.w.org\/{rel}","templated":true}]}}