{"id":208,"date":"2025-09-02T14:15:27","date_gmt":"2025-09-02T12:15:27","guid":{"rendered":"https:\/\/www.devaverein.ch\/de\/?page_id=208"},"modified":"2025-09-02T14:15:27","modified_gmt":"2025-09-02T12:15:27","slug":"iftar","status":"publish","type":"page","link":"https:\/\/www.devaverein.ch\/de\/iftar\/","title":{"rendered":"\u0130ftar"},"content":{"rendered":"\n<p>Wallisellen, Mart 2025<\/p>\n\n\n\n<p>M\u00fcbarek Ramazan ay\u0131nda bu y\u0131l da sevdiklerimiz, destek\u00e7ilerimiz ve g\u00f6n\u00fcll\u00fclerimizle 15 Mart\u2019ta Neuenhof Aula\u2019da geleneksel iftar yeme\u011fimizde bulu\u015ftuk.<\/p>\n\n\n\n<p>Deluxe Wedding Hochzeitsplanung\u2019un Deva derne\u011fimiz ad\u0131na d\u00fczenledi\u011fi iftar yeme\u011fimizde 120\u2019den fazla g\u00f6n\u00fcll\u00fcm\u00fczle bir araya gelip hem orucumuzu a\u00e7\u0131p iftar\u0131m\u0131z\u0131 yapt\u0131k, hem de hasret giderdik.<\/p>\n\n\n\n<p>\u0130ftar yeme\u011fimizde bir araya gelmemiz vesilesiyle 4000 Frank Deva derne\u011fimizin kasas\u0131na eklendi. Bu mebla\u011f da \u00f6n\u00fcm\u00fczdeki zamanlarda ihtiya\u00e7 sahibi insanlar\u0131m\u0131za yap\u0131lacak yard\u0131mlarda kullan\u0131lacak.<\/p>\n\n\n\n<p>Gelen ve destek olan t\u00fcm g\u00f6n\u00fcll\u00fclerimize ve ailelerine \u00e7ok te\u015fekk\u00fcr ediyor, bir dahaki etkinli\u011fimizde tekrardan bir araya gelmeyi d\u00f6rt g\u00f6zle bekliyoruz.<\/p>\n\n\n\n<p>Sa\u011fl\u0131cakla kal\u0131n<\/p>\n\n\n\n<p>Sayg\u0131lar\u0131m\u0131zla<br>Deva&nbsp;Derne\u011fi<\/p>\n\n\n\n<div class=\"wp-block-columns is-layout-flex wp-container-core-columns-is-layout-28f84493 wp-block-columns-is-layout-flex\">\n<div class=\"wp-block-column is-layout-flow wp-block-column-is-layout-flow\" style=\"flex-basis:100%\">\n<figure class=\"wp-block-gallery alignwide has-nested-images columns-default is-cropped wp-block-gallery-1 is-layout-flex wp-block-gallery-is-layout-flex\">\n<figure class=\"wp-block-image size-large\"><img decoding=\"async\" data-id=\"71\" src=\"https:\/\/www.devaverein.ch\/wp-content\/uploads\/2025\/08\/WhatsApp-Bild-2025-03-16-um-15.44.13_0dc9d094-768x1024.jpg\" alt=\"\" class=\"wp-image-71\"\/><\/figure>\n\n\n\n<figure class=\"wp-block-image size-large\"><img decoding=\"async\" data-id=\"72\" src=\"https:\/\/www.devaverein.ch\/wp-content\/uploads\/2025\/08\/WhatsApp-Bild-2025-03-16-um-15.40.59_f6221e5a-768x1024.jpg\" alt=\"\" class=\"wp-image-72\"\/><\/figure>\n<\/figure>\n<\/div>\n<\/div>\n\n\n\n<div class=\"wp-block-columns is-layout-flex wp-container-core-columns-is-layout-28f84493 wp-block-columns-is-layout-flex\">\n<div class=\"wp-block-column is-layout-flow wp-block-column-is-layout-flow\" style=\"flex-basis:100%\">\n<figure class=\"wp-block-gallery alignwide has-nested-images columns-default is-cropped wp-block-gallery-2 is-layout-flex wp-block-gallery-is-layout-flex\">\n<figure class=\"wp-block-image size-full\"><img decoding=\"async\" data-id=\"75\" src=\"https:\/\/www.devaverein.ch\/wp-content\/uploads\/2025\/08\/WhatsApp-Bild-2025-03-16-um-17.03.32_a5025242.jpg\" alt=\"\" class=\"wp-image-75\"\/><\/figure>\n\n\n\n<figure class=\"wp-block-image size-full\"><img decoding=\"async\" data-id=\"76\" src=\"https:\/\/www.devaverein.ch\/wp-content\/uploads\/2025\/08\/WhatsApp-Bild-2025-03-16-um-10.16.48_fd96c984-819x1024-1.jpg\" alt=\"\" class=\"wp-image-76\"\/><\/figure>\n<\/figure>\n<\/div>\n<\/div>\n\n\n\n<p>\u2014\u2014\u2014\u2014\u2014\u2014\u2014\u2014\u2014\u2014\u2014\u2014\u2014\u2014\u2014\u2014\u2014-<\/p>\n\n\n\n<p>Wallisellen, Ocak 2025<\/p>\n\n\n\n<p><strong>\u0130ftar 2025<\/strong><\/p>\n\n\n\n<p>Detaylar i\u00e7in&nbsp;<a href=\"https:\/\/devaverein.ch\/iftar2025\/\">buraya&nbsp;<\/a>t\u0131klay\u0131n\u0131z.<\/p>\n\n\n\n<figure class=\"wp-block-image\"><img decoding=\"async\" src=\"https:\/\/www.devaverein.ch\/wp-content\/uploads\/2025\/08\/iftar-foto-724x1024.jpg\" alt=\"\" class=\"wp-image-78\"\/><\/figure>\n\n\n\n<p>\u2014\u2014\u2014\u2014\u2014\u2014\u2014\u2014\u2014\u2014\u2014\u2014\u2014\u2014\u2014\u2014\u2014-<\/p>\n\n\n\n<p>Wallisellen, Mart 2024<\/p>\n\n\n\n<figure class=\"wp-block-image\"><img decoding=\"async\" src=\"https:\/\/www.devaverein.ch\/wp-content\/uploads\/2025\/08\/417452146_18413782939021452_5464384202887292687_n-1-819x1024-1.jpg\" alt=\"\" class=\"wp-image-80\"\/><\/figure>\n\n\n\n<p>Deluxe Wedding Deva Derne\u011fi yarar\u0131na \u0130ftar yeme\u011fi d\u00fczenliyor.<\/p>\n\n\n\n<p>Bu g\u00fczel organizasyon i\u00e7in&nbsp;<a href=\"https:\/\/www.instagram.com\/deluxewedding_hochzeitsplanung\/\">@deluxewedding_hochzeitsplanung<\/a>\u2019a sonsuz te\u015fekk\u00fcrler.<\/p>\n\n\n\n<p>Siz de bize kat\u0131l\u0131n, yard\u0131mla\u015fman\u0131n, payla\u015fman\u0131n \u00f6nemini tekrar hat\u0131rlad\u0131\u011f\u0131m\u0131z bu m\u00fcbarek ayda bir araya gelelim.<\/p>\n\n\n\n<p>Tarih: 16 Mart 2024<br>Saat: 18.00\u2019dan itibaren<br>Adres: Aula Neuenhof, Salzweg 1, Z\u00fcrcherstrasse 89, 5432 Neuenhof<br>\u00dccret: 20.- CHF ya da g\u00f6nl\u00fcn\u00fczden ne koparsa<\/p>\n\n\n\n<p>Rezervasyon: SMS: 078 350 15 15 \/ E-mail: info@devaverein.ch<\/p>\n\n\n\n<p>Yerlerimiz s\u0131n\u0131rl\u0131d\u0131r ve rezervasyon zorunludur.<\/p>\n\n\n\n<p>\u0130ftar yeme\u011finde sizleri de aram\u0131zda g\u00f6rmekten mutluluk duyar\u0131z.<\/p>\n\n\n\n<p>Sayg\u0131lar<br>DEVA derne\u011fi<\/p>\n\n\n\n<p>\u2014\u2014\u2014\u2014\u2014\u2014\u2014\u2014\u2014\u2014\u2014\u2014\u2014\u2014\u2014\u2014\u2014-<\/p>\n\n\n\n<p>Wallisellen, Mart 2023<\/p>\n\n\n\n<figure class=\"wp-block-image\"><img decoding=\"async\" src=\"https:\/\/www.devaverein.ch\/wp-content\/uploads\/2025\/08\/f6af23a3-e928-4bc7-96d4-4bbd19aa8620-724x1024-1.jpg\" alt=\"\" class=\"wp-image-96\"\/><\/figure>\n\n\n\n<p>Deva Derne\u011fi olarak 1 Nisan Cumartesi g\u00fcn\u00fc T\u00fcrkiye\u2019de deprem b\u00f6lgesindeki Kelebek \u00e7ocuklar\u0131na yard\u0131m ama\u00e7l\u0131 bir iftar yeme\u011fi d\u00fczenliyoruz.Bu \u00e7ocuklar irsi olan deri hastal\u0131\u011f\u0131yla m\u00fccadele ediyorlar (Epidermolozis b\u00fclloza). T\u00fcrkiye\u2019de bulunan *Kelebek \u00c7ocuklar derne\u011fi* bu \u00e7ocuklar\u0131m\u0131za medikal ve sosyal yard\u0131mlarda bulunmaktad\u0131r ve iftar yeme\u011finde elde edilen gelir bu derne\u011fe ba\u011f\u0131\u015flanacakt\u0131r.<\/p>\n\n\n\n<p>Siz de bize kat\u0131l\u0131n, yard\u0131mla\u015fman\u0131n, payla\u015fman\u0131n \u00f6nemini tekrar hat\u0131rlad\u0131\u011f\u0131m\u0131z bu m\u00fcbarek ayda kelebek \u00e7ocuklar\u0131m\u0131za bir yard\u0131m eli uzatal\u0131m.&nbsp;<\/p>\n\n\n\n<p><br>Tarih: 1 Nisan 2023Saat: 19.30\u2019dan itibaren<br>Adres: GZ Loogarten,&nbsp;Salzweg 1, 8049 Z\u00fcrich<br>\u00dccret: 20.- CHF ya da g\u00f6nl\u00fcn\u00fczden ne koparsa<br>Rezervasyon: SMS:&nbsp;078 350 15 15&nbsp;\/ E-mail:&nbsp;<a rel=\"noreferrer noopener\" href=\"mailto:info@devaverein.ch\" target=\"_blank\">info@devaverein.ch<\/a><br><br>Yerlerimiz s\u0131n\u0131rl\u0131d\u0131r.<br><br>\u0130ftar yeme\u011finde sizleri de aram\u0131zda g\u00f6rmekten mutluluk duyar\u0131z.<\/p>\n\n\n\n<p><br>Sayg\u0131lar<br>DEVA derne\u011fi<\/p>\n\n\n\n<p>\u2014\u2014\u2014\u2014\u2014\u2014\u2014\u2014\u2014\u2014\u2014\u2014\u2014\u2014\u2014\u2014\u2014-<\/p>\n\n\n\n<p>Wallisellen, Mart 2022<\/p>\n\n\n\n<p>Uzuuuun bir aradan sonra sizleri \u0130ftar\u2019da a\u011f\u0131rlamaktan \u015feref duyar\u0131z!Deva Derne\u011fi olarak 9 Nisan Cumartesi g\u00fcn\u00fc T\u00fcrkiye\u2019deki Kelebek \u00e7ocuklar\u0131na yard\u0131m ama\u00e7l\u0131 bir iftar yeme\u011fi d\u00fczenledik. Katk\u0131lar\u0131n\u0131zdan dolay\u0131 te\u015fekk\u00fcr ederiz.<\/p>\n\n\n\n<figure class=\"wp-block-image\"><img decoding=\"async\" src=\"https:\/\/www.devaverein.ch\/wp-content\/uploads\/2025\/08\/FlyerTR-01-3-730x1024-1.png\" alt=\"\" class=\"wp-image-104\"\/><\/figure>\n\n\n\n<p>Bu \u00e7ocuklar irsi olan deri hastal\u0131\u011f\u0131yla m\u00fccadele ediyorlar (Epidermolozis b\u00fclloza). T\u00fcrkiye\u2019de bulunan *Kelebek \u00c7ocuklar derne\u011fi* bu \u00e7ocuklar\u0131m\u0131za medikal ve sosyal yard\u0131mlarda bulunmaktad\u0131r ve iftar yeme\u011finde elde edilen gelir bu derne\u011fe ba\u011f\u0131\u015flanacakt\u0131r.<\/p>\n\n\n\n<p>Derne\u011finin ba\u015fkanl\u0131\u011f\u0131n\u0131 yapan \u00fcnl\u00fc \u015fark\u0131c\u0131 ve oyuncu Fulden Uras iftar\u0131m\u0131zda bize e\u015flik edecektir.&nbsp;Deluxe Wedding\u2019e katk\u0131lar\u0131ndan dolay\u0131 te\u015fekk\u00fcr ederiz.Siz de bize kat\u0131l\u0131n, yard\u0131mla\u015fman\u0131n, payla\u015fman\u0131n \u00f6nemini tekrar hat\u0131rlad\u0131\u011f\u0131m\u0131z bu m\u00fcbarek ayda kelebek \u00e7ocuklar\u0131m\u0131za bir yard\u0131m eli uzatal\u0131m.&nbsp;<\/p>\n\n\n\n<p>Tarih: 9 Nisan 2022<br>Saat: 19.30\u2019dan itibaren<br>Adres: Leep\u00fcnt, Schulstrasse 6, 8108 D\u00e4llikon<br>\u00dccret: 10.- CHF ya da g\u00f6nl\u00fcn\u00fczden ne koparsa<\/p>\n\n\n\n<p>Rezervasyon: SMS: 078 350 15 15 \/ E-mail: info@devaverein.ch<\/p>\n\n\n\n<p>Yerlerimiz s\u0131n\u0131rl\u0131d\u0131r.<\/p>\n\n\n\n<p>\u0130ftar yeme\u011finde sizleri de aram\u0131zda g\u00f6rmekten mutluluk duyar\u0131z.<\/p>\n\n\n\n<p>Sayg\u0131lar<br>DEVA Derne\u011fi<\/p>\n","protected":false},"excerpt":{"rendered":"<p>Wallisellen, Mart 2025 M\u00fcbarek Ramazan ay\u0131nda bu y\u0131l da sevdiklerimiz, destek\u00e7ilerimiz ve g\u00f6n\u00fcll\u00fclerimizle 15 Mart\u2019ta Neuenhof Aula\u2019da geleneksel iftar yeme\u011fimizde bulu\u015ftuk. Deluxe Wedding Hochzeitsplanung\u2019un Deva derne\u011fimiz ad\u0131na d\u00fczenledi\u011fi iftar yeme\u011fimizde 120\u2019den fazla g\u00f6n\u00fcll\u00fcm\u00fczle bir araya gelip hem orucumuzu a\u00e7\u0131p iftar\u0131m\u0131z\u0131 yapt\u0131k, hem de hasret giderdik. \u0130ftar yeme\u011fimizde bir araya gelmemiz vesilesiyle 4000 Frank Deva derne\u011fimizin [&hellip;]<\/p>\n","protected":false},"author":1,"featured_media":0,"parent":0,"menu_order":0,"comment_status":"closed","ping_status":"closed","template":"","meta":{"pagelayer_contact_templates":[],"_pagelayer_content":"","footnotes":""},"class_list":["post-208","page","type-page","status-publish","hentry"],"_links":{"self":[{"href":"https:\/\/www.devaverein.ch\/de\/wp-json\/wp\/v2\/pages\/208","targetHints":{"allow":["GET"]}}],"collection":[{"href":"https:\/\/www.devaverein.ch\/de\/wp-json\/wp\/v2\/pages"}],"about":[{"href":"https:\/\/www.devaverein.ch\/de\/wp-json\/wp\/v2\/types\/page"}],"author":[{"embeddable":true,"href":"https:\/\/www.devaverein.ch\/de\/wp-json\/wp\/v2\/users\/1"}],"replies":[{"embeddable":true,"href":"https:\/\/www.devaverein.ch\/de\/wp-json\/wp\/v2\/comments?post=208"}],"version-history":[{"count":1,"href":"https:\/\/www.devaverein.ch\/de\/wp-json\/wp\/v2\/pages\/208\/revisions"}],"predecessor-version":[{"id":209,"href":"https:\/\/www.devaverein.ch\/de\/wp-json\/wp\/v2\/pages\/208\/revisions\/209"}],"wp:attachment":[{"href":"https:\/\/www.devaverein.ch\/de\/wp-json\/wp\/v2\/media?parent=208"}],"curies":[{"name":"wp","href":"https:\/\/api.w.org\/{rel}","templated":true}]}}