{"id":206,"date":"2025-09-02T14:12:36","date_gmt":"2025-09-02T12:12:36","guid":{"rendered":"https:\/\/www.devaverein.ch\/de\/?page_id=206"},"modified":"2025-09-02T14:12:37","modified_gmt":"2025-09-02T12:12:37","slug":"turnuvalarimiz","status":"publish","type":"page","link":"https:\/\/www.devaverein.ch\/de\/turnuvalarimiz\/","title":{"rendered":"Turnuvalar\u0131m\u0131z"},"content":{"rendered":"\n<p>Wallisellen, Kas\u0131m 2023<\/p>\n\n\n\n<p>Deva Turnuvas\u0131 t\u00fcm detaylar\u0131yla bu videoda<br>\u2018Her \u015fut bir fark\u0131ndal\u0131k\u2019 diyerek bu seneki turnuvam\u0131zla Otizm\u2019e fark\u0131ndal\u0131k yaratt\u0131k<\/p>\n\n\n\n<p>Destekleriniz i\u00e7in sonsuz te\u015fekk\u00fcrler.<br>\u00d6zellikle&nbsp;<a href=\"https:\/\/www.instagram.com\/mehmetaurelio15\/\">@mehmetaurelio15<\/a>,&nbsp;<a href=\"https:\/\/www.instagram.com\/tunahancicekofficial\/\">@tunahancicekofficial<\/a>&nbsp;ve&nbsp;<a href=\"https:\/\/www.instagram.com\/fuldenuras\/\">@fuldenuras<\/a>\u2019a \u00e7ok te\u015fekk\u00fcr ederiz!<\/p>\n\n\n\n<p>Sevgiler<br>DEVA&nbsp;<\/p>\n\n\n\n<figure class=\"wp-block-image\"><img decoding=\"async\" src=\"https:\/\/www.devaverein.ch\/wp-content\/uploads\/2025\/08\/WhatsApp-Bild-2024-03-15-um-23.17.20_15c515c6-1024x681-1.jpg\" alt=\"\" class=\"wp-image-82\"\/><\/figure>\n\n\n\n<p>Ge\u00e7ti\u011fimiz Cumartesi 11 Kas\u0131m 2023\u2019de \u201cHer \u015fut bir fark\u0131ndal\u0131k\u201d slogan\u0131yla d\u00fczenledi\u011fimiz 11inci Deva Derne\u011fi futbol turnuvam\u0131zda elde edilen gelir tam\u0131 tam\u0131na 43\u2019000 Frank.<\/p>\n\n\n\n<p>Bu mebla\u011fy\u0131 T\u00fcrkiye \u0130zmir merkezli Yakamoz Otizim Spor Kul\u00fcb\u00fc Derne\u011fi\u2019ne ve Tohum Otizm\u2019e ba\u011f\u0131\u015flayarak oradaki otizmli \u00e7ocuklara yap\u0131lan projelere katk\u0131m\u0131z\u0131 sunaca\u011f\u0131z.<\/p>\n\n\n\n<p>Bizi bu de\u011ferli g\u00fcnde ziyaretleriyle \u015fereflendiren&nbsp;FC Vaduz futbolcusu Tunahan \u00c7i\u00e7ek\u2019e ve uzun y\u0131llar Trabzonspor, Be\u015fikta\u015f ve Fenerbah\u00e7e formas\u0131 giyen T\u00fcrk Milli Tak\u0131m\u0131m\u0131z\u0131n&nbsp;&nbsp;eski futbolcusu Mehmet Aurelio ve ailesine \u00e7ok te\u015fekk\u00fcr ederiz.<\/p>\n\n\n\n<p>\u00d6zellikle turnuvam\u0131za kat\u0131lan t\u00fcm tak\u0131mlara ve hakemlere, bize yard\u0131mc\u0131 olan g\u00f6n\u00fcll\u00fclerimize ve tabii ki de ziyaret\u00e7ilerimize en i\u00e7ten dileklerimizle te\u015fekk\u00fcr ederiz!<\/p>\n\n\n\n<p>\u2014\u2014\u2014\u2014\u2014\u2014\u2014\u2014\u2014\u2014\u2014\u2014\u2014\u2014\u2014\u2014\u2014-<\/p>\n\n\n\n<p>Wallisellen, Temmuz 2023<\/p>\n\n\n\n<p>Deva Turnuvas\u0131 bu sene 11 Kas\u0131m\u2019da!<br>\u2018Her \u015fut bir fark\u0131ndal\u0131k\u2019 diyerek bu seneki turnuvam\u0131zla Otizm\u2019e fark\u0131ndal\u0131k yaratmay\u0131 hedefliyoruz<br><br>E\u011fer bize sponsor olarak destek olmak istiyorsan\u0131z bizimle irtibata ge\u00e7erseniz seviniriz.<br><br>Sevgiler<br>DEVA<\/p>\n\n\n\n<figure class=\"wp-block-image\"><img decoding=\"async\" src=\"https:\/\/www.devaverein.ch\/wp-content\/uploads\/2025\/08\/Deva-Flyer-1-724x1024-1.jpg\" alt=\"\" class=\"wp-image-84\"\/><\/figure>\n\n\n\n<p>\u2014\u2014\u2014\u2014\u2014\u2014\u2014\u2014\u2014\u2014\u2014\u2014\u2014\u2014\u2014\u2014\u2014-<\/p>\n\n\n\n<p>Wallisellen, Aral\u0131k 2022<\/p>\n\n\n\n<p>Bu y\u0131l 10\u2019uncusu d\u00fczenlenen Deva futbol turnuvas\u0131nda uzun bir aradan sonra herkesi yeniden g\u00f6rmekten \u00e7ok mutluluk duyduk. Ve bir kez daha rekor bir miktara ula\u015ft\u0131k.<\/p>\n\n\n\n<p>12 Kas\u0131m 2022 Cumartesi g\u00fcn\u00fc d\u00fczenlenen yard\u0131m turnuvas\u0131ndan elde edilen miktar:<br><br>CHF 42\u2019000.-<\/p>\n\n\n\n<p>\u201cHayat Deva ile renkleniyor\u201d slogan\u0131yla d\u00fczenlenen turnuvadan elde edilen gelirin bir k\u0131sm\u0131 \u201cHayata Renk Ver\u201d adl\u0131 yard\u0131m kurulu\u015funa ba\u011f\u0131\u015flanacak.<br>Bu sayede \u00f6zellikle uzun s\u00fcreli t\u0131bbi tedaviler g\u00f6ren \u00e7ocuklar i\u00e7in hastanelerde bulunan iki s\u0131n\u0131f tamamen yenilenecek. Ayr\u0131ca elde edilen gelirin bir k\u0131sm\u0131 T\u00fcrkiye\u2019deki Theodora Vakf\u0131\u2019n\u0131 desteklemek i\u00e7in kullan\u0131ld\u0131.<\/p>\n\n\n\n<p>Turnuvaya kat\u0131lan t\u00fcm futbolculara, yard\u0131m eden sponsorlar\u0131m\u0131za, destek\u00e7ilerimize, g\u00f6n\u00fcll\u00fclerimize ve bizi turnuva g\u00fcn\u00fc yaln\u0131z b\u0131rakmayan konuklar\u0131m\u0131za g\u00f6n\u00fclden minnettar\u0131z.<\/p>\n\n\n\n<p>\u00c7ok say\u0131da konuk turnuva g\u00fcn\u00fc \u00e7e\u015fitli e\u011flencele ve yemeklerimizin tad\u0131n\u0131 \u00e7\u0131kard\u0131.<\/p>\n\n\n\n<p>Hepinize \u00e7ok te\u015fekk\u00fcr ederiz!<\/p>\n\n\n\n<p>Turnuvam\u0131z\u0131n \u00f6zetini Facebook \u00fczerinden izleyebilirsiniz.:&nbsp;<a href=\"https:\/\/fb.watch\/imzNcsXlJv\/\">https:\/\/fb.watch\/imzNcsXlJv\/<\/a><\/p>\n\n\n\n<figure class=\"wp-block-image\"><img decoding=\"async\" src=\"https:\/\/www.devaverein.ch\/wp-content\/uploads\/2025\/08\/315649530_5688467771232323_2221445100589383381_n-1-820x1024-1.jpg\" alt=\"\" class=\"wp-image-101\"\/><\/figure>\n\n\n\n<p>Wallisellen, A\u011fustos 2022<\/p>\n\n\n\n<p>Beklenen an geldi&nbsp;!<\/p>\n\n\n\n<p>Deva Turnuvas\u0131 geri d\u00f6n\u00fcyor! Uzuuun bir aradan sonra \u00f6zlenilen turnuvam\u0131z 12 Kas\u0131m 2022 Cumartesi g\u00fcn\u00fc Mehrzweckhalle Wallisellen\u2019de ger\u00e7ekle\u015fecek. \u2018Hayat Deva ile renkleniyor\u2019 diyerek uzun s\u00fcre tedavi g\u00f6ren t\u00fcm \u00e7ocuklara psiko-sosyal destek sa\u011flamak ve \u00e7ocuk hasta haklar\u0131n\u0131 savunmak amac\u0131yla kurulan \u2018Hayata renk ver\u2019 derne\u011fine destek oluyoruz. Ayr\u0131ca Theodora Sevgi doktorlar\u0131na da bu etkinli\u011fimizden elde edilen gelirle destek olmay\u0131 hedefliyoruz.<br>\u00d6zledi\u011fimiz organizasyonumuzu bu sene de farkl\u0131 aktivitelerle ve yiyeceklerle s\u00fcsleyece\u011fiz.&nbsp;<\/p>\n\n\n\n<p>E\u011fer bize sponsor olarak destek olmak istiyorsan\u0131z bizimle irtibata ge\u00e7erseniz seviniriz.<\/p>\n\n\n\n<p>Sevgiler<br>DEVA<\/p>\n\n\n\n<p><a href=\"https:\/\/devaverein.ch\/wp-content\/uploads\/2022\/09\/Anmeldeformular-f%C3%BCr-Teams.pdf\">Tak\u0131mlar i\u00e7in ba\u015fvuru formu ( bekleme listesi )<\/a><a href=\"https:\/\/devaverein.ch\/wp-content\/uploads\/2022\/09\/Anmeldeformular-f%C3%BCr-Teams.pdf\">Herunterladen<\/a><\/p>\n\n\n\n<figure class=\"wp-block-image\"><img decoding=\"async\" src=\"https:\/\/www.devaverein.ch\/wp-content\/uploads\/2025\/08\/Deva-Logolar-2-1-724x1024-1.jpg\" alt=\"\" class=\"wp-image-102\"\/><\/figure>\n\n\n\n<p>\u2014\u2014\u2014\u2014\u2014\u2014\u2014\u2014\u2014\u2014\u2014\u2014\u2014\u2014\u2014\u2014\u2014-<\/p>\n\n\n\n<p><strong>Turnuva<\/strong><\/p>\n\n\n\n<p>Wallisellen, 16 Kas\u0131m 2019<\/p>\n\n\n\n<p>Sevgili yard\u0131msever arkada\u015flar Cumartesi 16 Kas\u0131m 2019 g\u00fcn\u00fc yine bir rekor daha k\u0131rd\u0131k!&nbsp;Bu sene elde etti\u011fimiz gelir:<br><br><strong>40\u2019000 \u0130svi\u00e7re frang\u0131!<\/strong><br><br>T\u00fcm futbolculara, sponsorlara, g\u00f6n\u00fcll\u00fc olarak yard\u0131m edenlere, ba\u011f\u0131\u015fc\u0131lara, yard\u0131mseverlere, gelen \u00f6zel misafirlere te\u015fekk\u00fcr ederiz. Elbirli\u011fiyle \u00fc\u015f\u00fcmeden at\u0131ls\u0131n DEVAsa ad\u0131mlar diyoruz, minik ayaklar\u0131 \u0131s\u0131t\u0131yoruz!<br>Gelirin b\u00fcy\u00fck k\u0131sm\u0131yla ayakkab\u0131, bot ve \u00e7orap yard\u0131m\u0131na T\u00fcrkiye\u2019nin farkl\u0131 yerlerine gidiyoruz!<br>Kalan k\u0131sm\u0131yla hat\u0131ra orman\u0131 projesini ger\u00e7ekle\u015ftirmeyi d\u00fc\u015f\u00fcn\u00fcyoruz.<br><br>Birlikten g\u00fc\u00e7 do\u011far, g\u00fc\u00e7ler DEVA olur!<\/p>\n\n\n\n<figure class=\"wp-block-image\"><img decoding=\"async\" src=\"https:\/\/www.devaverein.ch\/wp-content\/uploads\/2025\/08\/rekor.jpg\" alt=\"\" class=\"wp-image-113\"\/><\/figure>\n\n\n\n<p>\u2014\u2014\u2014\u2014\u2014\u2014\u2014\u2014\u2014\u2014\u2014\u2014\u2014\u2014\u2014\u2014\u2014-<\/p>\n\n\n\n<p><strong>Dertlere DEVA ol yar\u0131nlar\u0131 ayd\u0131nlat<\/strong><br>\u201a100bin1kitap\u2018 projesi<\/p>\n\n\n\n<p>Ge\u00e7en sene ger\u00e7ekle\u015ftirmi\u015f oldu\u011fumuz sekizinci geleneksel futbol turnuvam\u0131zda elde edilen t\u00fcm geliri \u201aYar\u0131n\u0131 ayd\u0131nlat\u2018 derne\u011finin \u201a100bin1kitap\u2018 bat\u0131dan do\u011fuya kitap karde\u015fli\u011fi projesine ba\u011f\u0131\u015flad\u0131k.<\/p>\n\n\n\n<p>\u201aYar\u0131n\u0131 ayd\u0131nlat\u2018 derne\u011fi bu proje kapsam\u0131nda T\u00fcrkiye\u2019nin \u00e7e\u015fitli b\u00f6lgelerinde bulunan okullara k\u00fct\u00fcphaneler kurup \u00f6\u011frenci karde\u015flerimizin e\u011fitimine katk\u0131da bulunacak.<\/p>\n\n\n\n<p>Turnuvan\u0131n geliri ile kurulan ilk k\u00fct\u00fcphanenin a\u00e7\u0131l\u0131\u015f\u0131 i\u00e7in bizler de nisan ay\u0131nda dernek olarak Erzurum Kara\u00e7oban\u2019da bulunan Dede\u00f6ren k\u00f6y\u00fcne gittik. \u201aYar\u0131n\u0131 ayd\u0131nlat\u2018 derne\u011fi \u00fcyeleri ile birlikte Dede\u00f6ren k\u00f6y okulunun k\u00fct\u00fcphane binas\u0131n\u0131 i\u00e7-d\u0131\u015f tamamen onar\u0131p boyad\u0131ktan sonra k\u00fct\u00fcphanenin duvarlar\u0131n\u0131 e\u011flenceli motiflerle renklendirip kitaplar\u0131 k\u00fct\u00fcphaneye yerle\u015ftirdik.<\/p>\n\n\n\n<p>\u00c7o\u00e7uklar\u0131n g\u00fczel vakit ge\u00e7irebilecekleri bir ortam yaratmak i\u00e7in okuma k\u00f6\u015feleri kurduk ve e\u011fitim hayatlar\u0131nda kullanabilecekleri bir bilgisayar yerle\u015ftirdik.<\/p>\n\n\n\n<p>K\u00fct\u00fcphaneyi haz\u0131rlad\u0131ktan sonra k\u00f6y okulunda okuyan \u00f6\u011frenciler ve \u00f6\u011fretmenleri ile birlikte yapt\u0131\u011f\u0131m\u0131z a\u00e7\u0131l\u0131\u015fta \u00e7o\u00e7uklar\u0131n y\u00fczlerinde g\u00f6rd\u00fc\u011f\u00fcm\u00fcz sevinci alsa unutmayaca\u011f\u0131z.<\/p>\n\n\n\n<p>A\u00e7\u0131l\u0131\u015f g\u00fcn\u00fcnde onlar ile birlikte oyunlar oynay\u0131p u\u00e7urtmalar u\u00e7urduk. \u00c7o\u00e7uklarla birlikte ge\u00e7irdi\u011fimiz bu g\u00fczel anlarda bizler i\u00e7in \u00e7ok de\u011ferli an\u0131lar biriktirdik.<\/p>\n\n\n\n<p>\u201aYar\u0131n\u0131 ayd\u0131nlat\u2018 ekibi futbol turnuvam\u0131zda elde etti\u011fimiz gelir ile daha nice k\u00fct\u00fcphaneler a\u00e7acak ve y\u00fczlerce \u00e7o\u00e7u\u011fun e\u011fitimine katk\u0131da bulunacak.<\/p>\n\n\n\n<p><\/p>\n","protected":false},"excerpt":{"rendered":"<p>Wallisellen, Kas\u0131m 2023 Deva Turnuvas\u0131 t\u00fcm detaylar\u0131yla bu videoda\u2018Her \u015fut bir fark\u0131ndal\u0131k\u2019 diyerek bu seneki turnuvam\u0131zla Otizm\u2019e fark\u0131ndal\u0131k yaratt\u0131k Destekleriniz i\u00e7in sonsuz te\u015fekk\u00fcrler.\u00d6zellikle&nbsp;@mehmetaurelio15,&nbsp;@tunahancicekofficial&nbsp;ve&nbsp;@fuldenuras\u2019a \u00e7ok te\u015fekk\u00fcr ederiz! SevgilerDEVA&nbsp; Ge\u00e7ti\u011fimiz Cumartesi 11 Kas\u0131m 2023\u2019de \u201cHer \u015fut bir fark\u0131ndal\u0131k\u201d slogan\u0131yla d\u00fczenledi\u011fimiz 11inci Deva Derne\u011fi futbol turnuvam\u0131zda elde edilen gelir tam\u0131 tam\u0131na 43\u2019000 Frank. Bu mebla\u011fy\u0131 T\u00fcrkiye \u0130zmir merkezli [&hellip;]<\/p>\n","protected":false},"author":1,"featured_media":0,"parent":0,"menu_order":0,"comment_status":"closed","ping_status":"closed","template":"","meta":{"pagelayer_contact_templates":[],"_pagelayer_content":"","footnotes":""},"class_list":["post-206","page","type-page","status-publish","hentry"],"_links":{"self":[{"href":"https:\/\/www.devaverein.ch\/de\/wp-json\/wp\/v2\/pages\/206","targetHints":{"allow":["GET"]}}],"collection":[{"href":"https:\/\/www.devaverein.ch\/de\/wp-json\/wp\/v2\/pages"}],"about":[{"href":"https:\/\/www.devaverein.ch\/de\/wp-json\/wp\/v2\/types\/page"}],"author":[{"embeddable":true,"href":"https:\/\/www.devaverein.ch\/de\/wp-json\/wp\/v2\/users\/1"}],"replies":[{"embeddable":true,"href":"https:\/\/www.devaverein.ch\/de\/wp-json\/wp\/v2\/comments?post=206"}],"version-history":[{"count":1,"href":"https:\/\/www.devaverein.ch\/de\/wp-json\/wp\/v2\/pages\/206\/revisions"}],"predecessor-version":[{"id":207,"href":"https:\/\/www.devaverein.ch\/de\/wp-json\/wp\/v2\/pages\/206\/revisions\/207"}],"wp:attachment":[{"href":"https:\/\/www.devaverein.ch\/de\/wp-json\/wp\/v2\/media?parent=206"}],"curies":[{"name":"wp","href":"https:\/\/api.w.org\/{rel}","templated":true}]}}