{"id":201,"date":"2025-09-02T14:00:09","date_gmt":"2025-09-02T12:00:09","guid":{"rendered":"https:\/\/www.devaverein.ch\/de\/?page_id=201"},"modified":"2025-09-02T14:00:10","modified_gmt":"2025-09-02T12:00:10","slug":"kuenye","status":"publish","type":"page","link":"https:\/\/www.devaverein.ch\/de\/kuenye\/","title":{"rendered":"K\u00fcnye"},"content":{"rendered":"\n<h4 class=\"wp-block-heading\">Y\u00f6netim Kurulu<\/h4>\n\n\n\n<figure class=\"wp-block-gallery has-nested-images columns-2 is-cropped wp-block-gallery-1 is-layout-flex wp-block-gallery-is-layout-flex\">\n<figure class=\"wp-block-image size-large\"><img decoding=\"async\" data-id=\"46\" src=\"https:\/\/www.waxoxato.cyon.site\/devadernegi\/wp-content\/uploads\/sites\/2\/2025\/08\/IMG_0055-683x1024.jpg\" alt=\"\" class=\"wp-image-46\"\/><figcaption class=\"wp-element-caption\">Selim Y\u0131lmaz (ba\u015fkan)<\/figcaption><\/figure>\n\n\n\n<figure class=\"wp-block-image size-large\"><img decoding=\"async\" data-id=\"47\" src=\"https:\/\/www.waxoxato.cyon.site\/devadernegi\/wp-content\/uploads\/sites\/2\/2025\/08\/IMG_0054-683x1024.jpg\" alt=\"\" class=\"wp-image-47\"\/><figcaption class=\"wp-element-caption\">Ye\u015fim \u00c7etin Y\u0131ld\u0131r\u0131m<\/figcaption><\/figure>\n\n\n\n<figure class=\"wp-block-image size-large\"><img decoding=\"async\" data-id=\"52\" src=\"https:\/\/www.waxoxato.cyon.site\/devadernegi\/wp-content\/uploads\/sites\/2\/2025\/08\/IMG_0056-min-683x1024.jpg\" alt=\"\" class=\"wp-image-52\"\/><figcaption class=\"wp-element-caption\">Alican Ku\u015fcu<\/figcaption><\/figure>\n\n\n\n<figure class=\"wp-block-image size-full\"><img decoding=\"async\" data-id=\"92\" src=\"https:\/\/www.devaverein.ch\/wp-content\/uploads\/2025\/08\/Ahmet-683x1024-1.jpg\" alt=\"\" class=\"wp-image-92\"\/><figcaption class=\"wp-element-caption\">Ahmet \u00d6zta\u015f<\/figcaption><\/figure>\n\n\n\n<figure class=\"wp-block-image size-large\"><img decoding=\"async\" data-id=\"49\" src=\"https:\/\/www.waxoxato.cyon.site\/devadernegi\/wp-content\/uploads\/sites\/2\/2025\/08\/IMG_0053-683x1024.jpg\" alt=\"\" class=\"wp-image-49\"\/><figcaption class=\"wp-element-caption\">Neslihan Sat\u0131lm\u0131\u015f<\/figcaption><\/figure>\n\n\n\n<figure class=\"wp-block-image size-large\"><img decoding=\"async\" data-id=\"51\" src=\"https:\/\/www.waxoxato.cyon.site\/devadernegi\/wp-content\/uploads\/sites\/2\/2025\/08\/IMG_0052-min-683x1024.jpg\" alt=\"\" class=\"wp-image-51\"\/><figcaption class=\"wp-element-caption\">Murat G\u00fclsever<\/figcaption><\/figure>\n\n\n\n<figure class=\"wp-block-image size-large\"><img decoding=\"async\" data-id=\"55\" src=\"https:\/\/www.devaverein.ch\/wp-content\/uploads\/2025\/08\/IMG_0057-edited-scaled-1.jpg\" alt=\"\" class=\"wp-image-55\"\/><figcaption class=\"wp-element-caption\">Emircan Akg\u00fcl<\/figcaption><\/figure>\n<\/figure>\n\n\n\n<div style=\"height:56px\" aria-hidden=\"true\" class=\"wp-block-spacer\"><\/div>\n\n\n\n<h4 class=\"wp-block-heading\" id=\"block-0af548fe-be12-4a12-b0d4-0d64d1c0255e\">Kurucular<\/h4>\n\n\n\n<p id=\"block-8e407b01-c4c6-4e7e-975c-87b933e00330\">Burak Akyol, Selim Y\u0131lmaz, Alican Ku\u015fcu<\/p>\n\n\n\n<h4 class=\"wp-block-heading\" id=\"block-0b662b07-1cde-41fe-887c-c2dfddc3f53b\"><\/h4>\n\n\n\n<p id=\"block-b47912a7-7157-438a-b891-498fff9d7bdd\"><strong>Deva Derne\u011finin hikayesi<\/strong><\/p>\n\n\n\n<p id=\"block-73f25c14-2b1b-4998-b381-080179ad4268\">2011 y\u0131l\u0131nda 3 arkada\u015f\u0131n \u00fclkelerindeki ac\u0131ya ortak olmak istemeleriyle ba\u015flam\u0131\u015ft\u0131r.<\/p>\n\n\n\n<p id=\"block-3a0c5ff4-be31-4484-9f03-90e71f154e70\">2011 y\u0131l\u0131nda meydana gelen ve herkesi derinden etkileyen Van depremini hepiniz hat\u0131rl\u0131yorsunuz. So\u011fuk k\u0131\u015f mevsimi kap\u0131dayken insanlar ne yaz\u0131k ki evsiz barks\u0131z kald\u0131lar. Bizler bunlar\u0131 \u00f6ylece izlemektense harekete ge\u00e7meye karar verdik. 2011 Kas\u0131m ay\u0131nda, iki hafta gibi k\u0131sa bir s\u00fcrede, 24 tak\u0131m\u0131n kat\u0131ld\u0131\u011f\u0131 bir futbol turnuvas\u0131 d\u00fczenledik. Turnuvan\u0131n t\u00fcm gelirini K\u0131z\u0131lay\u2019a ba\u011f\u0131\u015flad\u0131k.<\/p>\n\n\n\n<p id=\"block-9a6bff85-bacb-4a04-bb3c-5da48be738da\">Ertesi y\u0131l art arda gelen \u015fehit haberleri ve televizyonlarda g\u00f6z\u00fc ya\u015fl\u0131 izledi\u011fimiz \u015fehit aileleri bizleri derinden sarst\u0131 ve yine harekete ge\u00e7irdi. Yine 2012 Kas\u0131m ay\u0131nda, daha organize bir \u015fekilde, daha geni\u015f \u00e7apl\u0131 bir haz\u0131rl\u0131k yaparak yeniden bir futbol turnuvas\u0131 d\u00fczenledik ve t\u00fcm gelirini Mehmet\u00e7ik Vakf\u0131na ba\u011f\u0131\u015flad\u0131k. Ba\u011f\u0131\u015ftan sonra \u0130stanbul\u2019da bizzat ziyaret etti\u011fimiz Mehmet\u00e7ik vakf\u0131 bize, yani asl\u0131nda destek olan herkese, minnetlerini ifade etti.<\/p>\n\n\n\n<p id=\"block-d5ab4820-faa1-423e-b4c9-8d9e7909a18e\">Bu organizasyonun ard\u0131ndan art\u0131k daha geni\u015f bir kitleye hitap etti\u011fimizi g\u00f6rd\u00fck. Yapt\u0131klar\u0131m\u0131za ilgi g\u00f6steren ve bu olu\u015fuma kat\u0131lmak isteyen insanlardan hep pozitif tepkiler ald\u0131k.<\/p>\n\n\n\n<p id=\"block-ece2ac25-e9ee-463a-9b4c-7a690b8f74e2\">\u00c7al\u0131\u015fmalar\u0131m\u0131z\u0131n sadece futbol turnuvas\u0131yla kalmamas\u0131 i\u00e7in, profesyonel ve sistemli bir \u015fekilde farkl\u0131 organ\u0131zasyonlara imza atabilmek ad\u0131na 4 May\u0131s 2013\u2018te Deva derne\u011fimizi kurduk.<\/p>\n\n\n\n<p id=\"block-d9044dc4-f7b8-4c18-bdd7-98d3559d804a\">Her biten organizasyonumuzun ard\u0131ndan ara vermeden bir sonraki hedefimiz i\u00e7in \u00e7al\u0131\u015fmalar\u0131m\u0131za ba\u015fl\u0131yoruz.<\/p>\n\n\n\n<p id=\"block-387f5255-7356-4f1a-9098-d429d5e3c58d\">Bizler \u0130svi\u00e7re\u2019de ya\u015fayan, fakat \u00fclkesinden ba\u011f\u0131n\u0131 koparmam\u0131\u015f, \u00fclkesinin sorunlar\u0131na, ac\u0131lar\u0131na kafa yoran bir arkada\u015f grubu olarak; \u201eBirlikten g\u00fc\u00e7 do\u011far, g\u00fc\u00e7ler deva olur\u201c dedik ve Deva Derne\u011fimizi kurduk. G\u00f6n\u00fcl vermek, emek sarfetmek isteyen herkese kap\u0131lar\u0131m\u0131z a\u00e7\u0131yoruz! Y\u00f6netim kurulumuzun yan\u0131 s\u0131ra \u00e7ok say\u0131da bize yard\u0131m eden g\u00f6n\u00fcll\u00fc arkada\u015flar\u0131m\u0131z ile birlikte yeni projelerimizi hayata ge\u00e7irmek i\u00e7in t\u00fcm g\u00fcc\u00fcm\u00fczle \u00e7al\u0131\u015fmaya devam ediyoruz.<\/p>\n\n\n\n<p id=\"block-3e8f1888-0dc3-4cf3-a589-95ad506aae5d\">Amac\u0131m\u0131z; insanl\u0131\u011fa, g\u00fczel bir amaca hizmet eden organizasyonlara imza atmak ve bu ama\u00e7taki her kurum, kurulu\u015f ve organizasyona destek vermek.<\/p>\n\n\n\n<p id=\"block-ca22d231-9310-45cc-ba08-51937ad31086\">Bu ama\u00e7la ger\u00e7ekle\u015ftirdi\u011fimiz projeler : Futbol turnuvalar\u0131, k\u00fclt\u00fcr gezileri ve gidilen yerlerde \u00e7e\u015fitli yard\u0131mlar, Soma \u00e7ocuklar\u0131na destek, iftar yemekleri.<\/p>\n\n\n\n<p id=\"block-5957213e-b12d-45e7-ab38-84770ae5d355\">20 Kas\u0131m 2014\u2019te Hollanda\u2019da arkada\u015flar\u0131m\u0131z da Deva\u2019y\u0131 Hollanda\u2019ya ta\u015f\u0131d\u0131 ve Deva Hollanda\u2019y\u0131 kurdu. Turnuva etkinlikleri yan\u0131s\u0131ra k\u0131yafet toplama, m\u00fcltecilere yard\u0131mlar gibi etkinliklerle 2018 y\u0131l\u0131na dek faaliyetteidiler.<\/p>\n\n\n\n<p id=\"block-3a2b0f24-84de-4e87-9f10-c64aa7290d58\">\u00d6n\u00fcm\u00fczdeki etkinlikleri Anasayfa\u2019da bulabilirsiniz.<\/p>\n","protected":false},"excerpt":{"rendered":"<p>Y\u00f6netim Kurulu Kurucular Burak Akyol, Selim Y\u0131lmaz, Alican Ku\u015fcu Deva Derne\u011finin hikayesi 2011 y\u0131l\u0131nda 3 arkada\u015f\u0131n \u00fclkelerindeki ac\u0131ya ortak olmak istemeleriyle ba\u015flam\u0131\u015ft\u0131r. 2011 y\u0131l\u0131nda meydana gelen ve herkesi derinden etkileyen Van depremini hepiniz hat\u0131rl\u0131yorsunuz. So\u011fuk k\u0131\u015f mevsimi kap\u0131dayken insanlar ne yaz\u0131k ki evsiz barks\u0131z kald\u0131lar. Bizler bunlar\u0131 \u00f6ylece izlemektense harekete ge\u00e7meye karar verdik. 2011 Kas\u0131m [&hellip;]<\/p>\n","protected":false},"author":1,"featured_media":0,"parent":0,"menu_order":0,"comment_status":"closed","ping_status":"closed","template":"","meta":{"pagelayer_contact_templates":[],"_pagelayer_content":"","footnotes":""},"class_list":["post-201","page","type-page","status-publish","hentry"],"_links":{"self":[{"href":"https:\/\/www.devaverein.ch\/de\/wp-json\/wp\/v2\/pages\/201","targetHints":{"allow":["GET"]}}],"collection":[{"href":"https:\/\/www.devaverein.ch\/de\/wp-json\/wp\/v2\/pages"}],"about":[{"href":"https:\/\/www.devaverein.ch\/de\/wp-json\/wp\/v2\/types\/page"}],"author":[{"embeddable":true,"href":"https:\/\/www.devaverein.ch\/de\/wp-json\/wp\/v2\/users\/1"}],"replies":[{"embeddable":true,"href":"https:\/\/www.devaverein.ch\/de\/wp-json\/wp\/v2\/comments?post=201"}],"version-history":[{"count":1,"href":"https:\/\/www.devaverein.ch\/de\/wp-json\/wp\/v2\/pages\/201\/revisions"}],"predecessor-version":[{"id":202,"href":"https:\/\/www.devaverein.ch\/de\/wp-json\/wp\/v2\/pages\/201\/revisions\/202"}],"wp:attachment":[{"href":"https:\/\/www.devaverein.ch\/de\/wp-json\/wp\/v2\/media?parent=201"}],"curies":[{"name":"wp","href":"https:\/\/api.w.org\/{rel}","templated":true}]}}