{"id":199,"date":"2025-09-02T13:56:43","date_gmt":"2025-09-02T11:56:43","guid":{"rendered":"https:\/\/www.devaverein.ch\/de\/?page_id=199"},"modified":"2025-11-10T18:46:18","modified_gmt":"2025-11-10T17:46:18","slug":"turnuva","status":"publish","type":"page","link":"https:\/\/www.devaverein.ch\/de\/turnuva\/","title":{"rendered":"Turnuva"},"content":{"rendered":"\n<h2 class=\"wp-block-heading has-large-font-size\"><strong>\u0130yili\u011fe U\u00e7an Goller<br><\/strong><\/h2>\n\n\n\n<meta http-equiv=\"refresh\" content=\"60\">\n<div id=\"msp_full_V6gNqK\"><a href=\"https:\/\/www.meinspielplan.de\">powered by meinSpielplan.de<\/a><\/div>\n<script type=\"text\/javascript\">\nvar _msp = _msp || [];\n_msp.push(['msp_full_V6gNqK', 'auto', '', '', '', '', '', '', '']);\n(function() {\n var m = document.createElement('script'); m.type = 'text\/javascript'; m.async = true;\n m.src = 'https:\/\/www.meinspielplan.de\/jscript\/widget.js';\n var s = document.getElementsByTagName('script')[0]; s.parentNode.insertBefore(m, s);\n})();\n<\/script>\n\n\n\n<div class=\"wp-block-file\"><a id=\"wp-block-file--media-fc6bdbb1-6a87-4be5-aa20-3ef4b3f74652\" href=\"https:\/\/www.devaverein.ch\/de\/wp-content\/uploads\/sites\/2\/2025\/11\/Kopie-von-Spielreglement-12.-Deva-Cup.pdf\">Oyun kurallar\u0131<\/a><a href=\"https:\/\/www.devaverein.ch\/de\/wp-content\/uploads\/sites\/2\/2025\/11\/Kopie-von-Spielreglement-12.-Deva-Cup.pdf\" class=\"wp-block-file__button wp-element-button\" download aria-describedby=\"wp-block-file--media-fc6bdbb1-6a87-4be5-aa20-3ef4b3f74652\">Indir<\/a><\/div>\n\n\n\n<figure class=\"wp-block-image size-large\"><img decoding=\"async\" src=\"https:\/\/www.devaverein.ch\/wp-content\/uploads\/2025\/08\/flyer-768x1024.jpg\" alt=\"\" class=\"wp-image-42\"\/><\/figure>\n","protected":false},"excerpt":{"rendered":"<p>\u0130yili\u011fe U\u00e7an Goller powered by meinSpielplan.de<\/p>\n","protected":false},"author":1,"featured_media":0,"parent":0,"menu_order":0,"comment_status":"closed","ping_status":"closed","template":"","meta":{"pagelayer_contact_templates":[],"_pagelayer_content":"","footnotes":""},"class_list":["post-199","page","type-page","status-publish","hentry"],"_links":{"self":[{"href":"https:\/\/www.devaverein.ch\/de\/wp-json\/wp\/v2\/pages\/199","targetHints":{"allow":["GET"]}}],"collection":[{"href":"https:\/\/www.devaverein.ch\/de\/wp-json\/wp\/v2\/pages"}],"about":[{"href":"https:\/\/www.devaverein.ch\/de\/wp-json\/wp\/v2\/types\/page"}],"author":[{"embeddable":true,"href":"https:\/\/www.devaverein.ch\/de\/wp-json\/wp\/v2\/users\/1"}],"replies":[{"embeddable":true,"href":"https:\/\/www.devaverein.ch\/de\/wp-json\/wp\/v2\/comments?post=199"}],"version-history":[{"count":12,"href":"https:\/\/www.devaverein.ch\/de\/wp-json\/wp\/v2\/pages\/199\/revisions"}],"predecessor-version":[{"id":247,"href":"https:\/\/www.devaverein.ch\/de\/wp-json\/wp\/v2\/pages\/199\/revisions\/247"}],"wp:attachment":[{"href":"https:\/\/www.devaverein.ch\/de\/wp-json\/wp\/v2\/media?parent=199"}],"curies":[{"name":"wp","href":"https:\/\/api.w.org\/{rel}","templated":true}]}}