{"id":195,"date":"2025-10-19T16:00:09","date_gmt":"2025-10-19T14:00:09","guid":{"rendered":"https:\/\/www.devaverein.ch\/de\/?page_id=195"},"modified":"2025-11-24T19:01:11","modified_gmt":"2025-11-24T18:01:11","slug":"anasayfa","status":"publish","type":"page","link":"https:\/\/www.devaverein.ch\/de\/","title":{"rendered":"Anasayfa"},"content":{"rendered":"\n<p class=\"has-small-font-size\">2011\u2019de kurdu\u011fumuz Deva Derne\u011fi bug\u00fcne kadar yapt\u0131\u011f\u0131 t\u00fcm etkinliklerdeki tek amac\u0131 yard\u0131ma muhta\u00e7 olan insanlara destek olmak oldu. Bizler \u0130svi\u00e7re\u2019de ya\u015fayan, fakat \u00fclkesinden ba\u011f\u0131n\u0131 koparmam\u0131\u015f, \u00fclkesinin sorunlar\u0131na, ac\u0131lar\u0131na kafa yoran bir arkada\u015f grubu olarak; \u201eBirlikten g\u00fc\u00e7 do\u011far, g\u00fc\u00e7ler deva olur\u201c dedik. Ba\u011f\u0131ms\u0131z olarak yapt\u0131\u011f\u0131m\u0131z bu faaliyetlerde hi\u00e7 bir siyasi ya da din, \u0131rk ayr\u0131m\u0131nda bulunmad\u0131k. Bundan sonra da bu \u00e7izgimizden hi\u00e7 bir zaman \u00e7\u0131kmayaca\u011f\u0131m\u0131z\u0131 duyuruyoruz.<\/p>\n\n\n\n<h3 class=\"wp-block-heading\">Ho\u015fgeldiniz<\/h3>\n\n\n\n\n\n<blockquote class=\"instagram-media\" data-instgrm-captioned data-instgrm-permalink=\"https:\/\/www.instagram.com\/p\/DRKW3vajIaE\/?utm_source=ig_embed&amp;utm_campaign=loading\" data-instgrm-version=\"14\" style=\" background:#FFF; border:0; border-radius:3px; box-shadow:0 0 1px 0 rgba(0,0,0,0.5),0 1px 10px 0 rgba(0,0,0,0.15); margin: 1px; max-width:540px; min-width:326px; padding:0; width:99.375%; width:-webkit-calc(100% - 2px); width:calc(100% - 2px);\"><div style=\"padding:16px;\"> <a href=\"https:\/\/www.instagram.com\/p\/DRKW3vajIaE\/?utm_source=ig_embed&amp;utm_campaign=loading\" style=\" background:#FFFFFF; line-height:0; padding:0 0; text-align:center; text-decoration:none; width:100%;\" target=\"_blank\"> <div style=\" display: flex; flex-direction: row; align-items: center;\"> <div style=\"background-color: #F4F4F4; border-radius: 50%; flex-grow: 0; height: 40px; margin-right: 14px; width: 40px;\"><\/div> <div style=\"display: flex; flex-direction: column; flex-grow: 1; justify-content: center;\"> <div style=\" background-color: #F4F4F4; border-radius: 4px; flex-grow: 0; height: 14px; margin-bottom: 6px; width: 100px;\"><\/div> <div style=\" background-color: #F4F4F4; border-radius: 4px; flex-grow: 0; height: 14px; width: 60px;\"><\/div><\/div><\/div><div style=\"padding: 19% 0;\"><\/div> <div style=\"display:block; height:50px; margin:0 auto 12px; width:50px;\"><svg width=\"50px\" height=\"50px\" viewBox=\"0 0 60 60\" version=\"1.1\" xmlns=\"https:\/\/www.w3.org\/2000\/svg\" xmlns:xlink=\"https:\/\/www.w3.org\/1999\/xlink\"><g stroke=\"none\" stroke-width=\"1\" fill=\"none\" fill-rule=\"evenodd\"><g transform=\"translate(-511.000000, -20.000000)\" fill=\"#000000\"><g><path d=\"M556.869,30.41 C554.814,30.41 553.148,32.076 553.148,34.131 C553.148,36.186 554.814,37.852 556.869,37.852 C558.924,37.852 560.59,36.186 560.59,34.131 C560.59,32.076 558.924,30.41 556.869,30.41 M541,60.657 C535.114,60.657 530.342,55.887 530.342,50 C530.342,44.114 535.114,39.342 541,39.342 C546.887,39.342 551.658,44.114 551.658,50 C551.658,55.887 546.887,60.657 541,60.657 M541,33.886 C532.1,33.886 524.886,41.1 524.886,50 C524.886,58.899 532.1,66.113 541,66.113 C549.9,66.113 557.115,58.899 557.115,50 C557.115,41.1 549.9,33.886 541,33.886 M565.378,62.101 C565.244,65.022 564.756,66.606 564.346,67.663 C563.803,69.06 563.154,70.057 562.106,71.106 C561.058,72.155 560.06,72.803 558.662,73.347 C557.607,73.757 556.021,74.244 553.102,74.378 C549.944,74.521 548.997,74.552 541,74.552 C533.003,74.552 532.056,74.521 528.898,74.378 C525.979,74.244 524.393,73.757 523.338,73.347 C521.94,72.803 520.942,72.155 519.894,71.106 C518.846,70.057 518.197,69.06 517.654,67.663 C517.244,66.606 516.755,65.022 516.623,62.101 C516.479,58.943 516.448,57.996 516.448,50 C516.448,42.003 516.479,41.056 516.623,37.899 C516.755,34.978 517.244,33.391 517.654,32.338 C518.197,30.938 518.846,29.942 519.894,28.894 C520.942,27.846 521.94,27.196 523.338,26.654 C524.393,26.244 525.979,25.756 528.898,25.623 C532.057,25.479 533.004,25.448 541,25.448 C548.997,25.448 549.943,25.479 553.102,25.623 C556.021,25.756 557.607,26.244 558.662,26.654 C560.06,27.196 561.058,27.846 562.106,28.894 C563.154,29.942 563.803,30.938 564.346,32.338 C564.756,33.391 565.244,34.978 565.378,37.899 C565.522,41.056 565.552,42.003 565.552,50 C565.552,57.996 565.522,58.943 565.378,62.101 M570.82,37.631 C570.674,34.438 570.167,32.258 569.425,30.349 C568.659,28.377 567.633,26.702 565.965,25.035 C564.297,23.368 562.623,22.342 560.652,21.575 C558.743,20.834 556.562,20.326 553.369,20.18 C550.169,20.033 549.148,20 541,20 C532.853,20 531.831,20.033 528.631,20.18 C525.438,20.326 523.257,20.834 521.349,21.575 C519.376,22.342 517.703,23.368 516.035,25.035 C514.368,26.702 513.342,28.377 512.574,30.349 C511.834,32.258 511.326,34.438 511.181,37.631 C511.035,40.831 511,41.851 511,50 C511,58.147 511.035,59.17 511.181,62.369 C511.326,65.562 511.834,67.743 512.574,69.651 C513.342,71.625 514.368,73.296 516.035,74.965 C517.703,76.634 519.376,77.658 521.349,78.425 C523.257,79.167 525.438,79.673 528.631,79.82 C531.831,79.965 532.853,80.001 541,80.001 C549.148,80.001 550.169,79.965 553.369,79.82 C556.562,79.673 558.743,79.167 560.652,78.425 C562.623,77.658 564.297,76.634 565.965,74.965 C567.633,73.296 568.659,71.625 569.425,69.651 C570.167,67.743 570.674,65.562 570.82,62.369 C570.966,59.17 571,58.147 571,50 C571,41.851 570.966,40.831 570.82,37.631\"><\/path><\/g><\/g><\/g><\/svg><\/div><div style=\"padding-top: 8px;\"> <div style=\" color:#3897f0; font-family:Arial,sans-serif; font-size:14px; font-style:normal; font-weight:550; line-height:18px;\">Sieh dir diesen Beitrag auf Instagram an<\/div><\/div><div style=\"padding: 12.5% 0;\"><\/div> <div style=\"display: flex; flex-direction: row; margin-bottom: 14px; align-items: center;\"><div> <div style=\"background-color: #F4F4F4; border-radius: 50%; height: 12.5px; width: 12.5px; transform: translateX(0px) translateY(7px);\"><\/div> <div style=\"background-color: #F4F4F4; height: 12.5px; transform: rotate(-45deg) translateX(3px) translateY(1px); width: 12.5px; flex-grow: 0; margin-right: 14px; margin-left: 2px;\"><\/div> <div style=\"background-color: #F4F4F4; border-radius: 50%; height: 12.5px; width: 12.5px; transform: translateX(9px) translateY(-18px);\"><\/div><\/div><div style=\"margin-left: 8px;\"> <div style=\" background-color: #F4F4F4; border-radius: 50%; flex-grow: 0; height: 20px; width: 20px;\"><\/div> <div style=\" width: 0; height: 0; border-top: 2px solid transparent; border-left: 6px solid #f4f4f4; border-bottom: 2px solid transparent; transform: translateX(16px) translateY(-4px) rotate(30deg)\"><\/div><\/div><div style=\"margin-left: auto;\"> <div style=\" width: 0px; border-top: 8px solid #F4F4F4; border-right: 8px solid transparent; transform: translateY(16px);\"><\/div> <div style=\" background-color: #F4F4F4; flex-grow: 0; height: 12px; width: 16px; transform: translateY(-4px);\"><\/div> <div style=\" width: 0; height: 0; border-top: 8px solid #F4F4F4; border-left: 8px solid transparent; transform: translateY(-4px) translateX(8px);\"><\/div><\/div><\/div> <div style=\"display: flex; flex-direction: column; flex-grow: 1; justify-content: center; margin-bottom: 24px;\"> <div style=\" background-color: #F4F4F4; border-radius: 4px; flex-grow: 0; height: 14px; margin-bottom: 6px; width: 224px;\"><\/div> <div style=\" background-color: #F4F4F4; border-radius: 4px; flex-grow: 0; height: 14px; width: 144px;\"><\/div><\/div><\/a><p style=\" color:#c9c8cd; font-family:Arial,sans-serif; font-size:14px; line-height:17px; margin-bottom:0; margin-top:8px; overflow:hidden; padding:8px 0 7px; text-align:center; text-overflow:ellipsis; white-space:nowrap;\"><a href=\"https:\/\/www.instagram.com\/p\/DRKW3vajIaE\/?utm_source=ig_embed&amp;utm_campaign=loading\" style=\" color:#c9c8cd; font-family:Arial,sans-serif; font-size:14px; font-style:normal; font-weight:normal; line-height:17px; text-decoration:none;\" target=\"_blank\">Ein Beitrag geteilt von Deva Derneg\u0306i (@devadernegi)<\/a><\/p><\/div><\/blockquote>\n<script async src=\"\/\/www.instagram.com\/embed.js\"><\/script>\n\n\n\n<p class=\"has-x-large-font-size\"><strong>\u00d6nemli bas\u0131n a\u00e7\u0131klamas\u0131<\/strong><\/p>\n\n\n\n<p>\ud83d\udc9b <strong>Birlikte \u00e7\u0131kt\u0131\u011f\u0131m\u0131z yolculuk sona eriyor \u2013 y\u00fcre\u011fimizde sonsuz minnetle<\/strong><\/p>\n\n\n\n<p>2011\u2019den bu yana birlikte yard\u0131m, umut ve dayan\u0131\u015fma i\u00e7in yan yana durduk.<\/p>\n\n\n\n<p>15 Kas\u0131m 2025 tarihinde, H\u00fcnenberg (ZG), ISZL Salonu\u2019nda, son yard\u0131m etkinli\u011fimizi d\u00fczenliyoruz \u2013 \u0130yili\u011fe U\u00e7anlar Derne\u011fi ile birlikte.<\/p>\n\n\n\n<p>Bu yolculukta yan\u0131m\u0131zda olan herkese sonsuz te\u015fekk\u00fcrlerimizi sunuyoruz.<\/p>\n\n\n\n<p>Etkinlikten elde edilecek gelir, T\u00fcrkiye\u2019deki ihtiya\u00e7 sahipleri i\u00e7in kullan\u0131lacak ve biz her zaman oldu\u011fu gibi projeyi bizzat takip edece\u011fiz ve destekleyece\u011fiz.<\/p>\n\n\n\n<p>Gelin, son kez birlikte olal\u0131m \u2013 iyilik i\u00e7in, \u00e7ocuklar i\u00e7in, umut i\u00e7in. \u2764\ufe0f<\/p>\n\n\n\n<p>devam\u0131n\u0131 okumak i\u00e7in <em><a href=\"https:\/\/www.devaverein.ch\/de\/basin-aciklamasi\/\" data-type=\"page\" data-id=\"229\">t\u0131klay\u0131n\u0131z<\/a><\/em><\/p>\n\n\n\n\n\n<p><strong>Bir sonraki etkinli\u011fimiz:<\/strong><\/p>\n\n\n\n<p>\u26bd 12. Deva &#8211; Futbol Turnuvas\u0131<br>\ud83d\udcc5 Cumartesi, 15 Kas\u0131m 2025<br>\ud83d\udccd Campus Zug, Mehrzweckhalle <br>       (Rothusstrasse 4B, 6331 H\u00fcnenberg)<br>\ud83d\udd4a\ufe0f Slogan: \u201c\u0130yili\u011fe U\u00e7an Goller\u201d<\/p>\n\n\n\n<p>Deva Futbol Turnuvas\u0131 geri d\u00f6n\u00fcyor! Bu y\u0131l da sahaday\u0131z, iyilik i\u00e7in oynuyoruz! Turnuvam\u0131zdan elde edilecek gelir, dezavantajl\u0131 \u00e7ocuklara destek olan \u0130yili\u011fe U\u00e7anlar Derne\u011fi\u2019ne ba\u011f\u0131\u015flanacakt\u0131r.<\/p>\n\n\n\n<p>\ud83c\udf89 Futbolun yan\u0131 s\u0131ra e\u011flenceli etkinlikler ve lezzetli yiyecekler sizi bekliyor!<br>Tak\u0131m, izleyici ya da sponsor olarak bu iyili\u011fe sen de ortak ol! \u2665\ufe0f<\/p>\n\n\n\n<p><strong>Son kay\u0131t tarihi 02.11.2025!<\/strong><\/p>\n\n\n\n<p><a href=\"https:\/\/www.devaverein.ch\/turnuva\/\" data-type=\"page\" data-id=\"41\"><strong>Detaylar<\/strong><\/a><\/p>\n\n\n\n<figure class=\"wp-block-image size-large\"><img decoding=\"async\" src=\"https:\/\/www.devaverein.ch\/wp-content\/uploads\/2025\/08\/flyer-768x1024.jpg\" alt=\"\" class=\"wp-image-42\"\/><\/figure>\n\n\n\n<p>&#8212;&#8212;&#8212;&#8212;&#8212;&#8212;&#8212;&#8212;&#8212;&#8212;&#8212;&#8212;&#8212;&#8212;&#8212;&#8212;&#8212;<\/p>\n","protected":false},"excerpt":{"rendered":"<p>2011\u2019de kurdu\u011fumuz Deva Derne\u011fi bug\u00fcne kadar yapt\u0131\u011f\u0131 t\u00fcm etkinliklerdeki tek amac\u0131 yard\u0131ma muhta\u00e7 olan insanlara destek olmak oldu. Bizler \u0130svi\u00e7re\u2019de ya\u015fayan, fakat \u00fclkesinden ba\u011f\u0131n\u0131 koparmam\u0131\u015f, \u00fclkesinin sorunlar\u0131na, ac\u0131lar\u0131na kafa yoran bir arkada\u015f grubu olarak; \u201eBirlikten g\u00fc\u00e7 do\u011far, g\u00fc\u00e7ler deva olur\u201c dedik. Ba\u011f\u0131ms\u0131z olarak yapt\u0131\u011f\u0131m\u0131z bu faaliyetlerde hi\u00e7 bir siyasi ya da din, \u0131rk ayr\u0131m\u0131nda bulunmad\u0131k. [&hellip;]<\/p>\n","protected":false},"author":1,"featured_media":0,"parent":0,"menu_order":0,"comment_status":"closed","ping_status":"closed","template":"","meta":{"pagelayer_contact_templates":[],"_pagelayer_content":"","footnotes":""},"class_list":["post-195","page","type-page","status-publish","hentry"],"_links":{"self":[{"href":"https:\/\/www.devaverein.ch\/de\/wp-json\/wp\/v2\/pages\/195","targetHints":{"allow":["GET"]}}],"collection":[{"href":"https:\/\/www.devaverein.ch\/de\/wp-json\/wp\/v2\/pages"}],"about":[{"href":"https:\/\/www.devaverein.ch\/de\/wp-json\/wp\/v2\/types\/page"}],"author":[{"embeddable":true,"href":"https:\/\/www.devaverein.ch\/de\/wp-json\/wp\/v2\/users\/1"}],"replies":[{"embeddable":true,"href":"https:\/\/www.devaverein.ch\/de\/wp-json\/wp\/v2\/comments?post=195"}],"version-history":[{"count":10,"href":"https:\/\/www.devaverein.ch\/de\/wp-json\/wp\/v2\/pages\/195\/revisions"}],"predecessor-version":[{"id":255,"href":"https:\/\/www.devaverein.ch\/de\/wp-json\/wp\/v2\/pages\/195\/revisions\/255"}],"wp:attachment":[{"href":"https:\/\/www.devaverein.ch\/de\/wp-json\/wp\/v2\/media?parent=195"}],"curies":[{"name":"wp","href":"https:\/\/api.w.org\/{rel}","templated":true}]}}